{"id":35,"date":"2014-08-31T16:58:09","date_gmt":"2014-08-31T15:58:09","guid":{"rendered":"https:\/\/www.mnrm.org\/?page_id=35"},"modified":"2018-03-05T12:36:16","modified_gmt":"2018-03-05T10:36:16","slug":"accueil","status":"publish","type":"page","link":"https:\/\/www.mnrm.org\/","title":{"rendered":"Accueil"},"content":{"rendered":"<p>Bienvenue sur le nouveau site du MNRM !<\/p>\n<p>Vous vous int\u00e9ressez au mod\u00e9lisme naval ou souhaitez simplement voir nos maquettes et nos derniers \u00e9v\u00e9nements ? Vous \u00eates au bon endroit !<\/p>\n<p>N&rsquo;h\u00e9sitez pas \u00e0 nous contacter pour de plus amples informations.<\/p>\n<p>Bonne visite !<\/p>\n","protected":false},"excerpt":{"rendered":"<p>Bienvenue sur le nouveau site du MNRM ! Vous vous int\u00e9ressez au mod\u00e9lisme naval ou souhaitez simplement voir nos maquettes et nos derniers \u00e9v\u00e9nements ? Vous \u00eates au bon endroit ! N&rsquo;h\u00e9sitez pas \u00e0 nous contacter pour de plus amples<\/p>\n","protected":false},"author":1,"featured_media":0,"parent":0,"menu_order":0,"comment_status":"closed","ping_status":"open","template":"page-templates\/home-with-news.php","meta":{"footnotes":""},"class_list":["post-35","page","type-page","status-publish","hentry"],"_links":{"self":[{"href":"https:\/\/www.mnrm.org\/index.php?rest_route=\/wp\/v2\/pages\/35","targetHints":{"allow":["GET"]}}],"collection":[{"href":"https:\/\/www.mnrm.org\/index.php?rest_route=\/wp\/v2\/pages"}],"about":[{"href":"https:\/\/www.mnrm.org\/index.php?rest_route=\/wp\/v2\/types\/page"}],"author":[{"embeddable":true,"href":"https:\/\/www.mnrm.org\/index.php?rest_route=\/wp\/v2\/users\/1"}],"replies":[{"embeddable":true,"href":"https:\/\/www.mnrm.org\/index.php?rest_route=%2Fwp%2Fv2%2Fcomments&post=35"}],"version-history":[{"count":7,"href":"https:\/\/www.mnrm.org\/index.php?rest_route=\/wp\/v2\/pages\/35\/revisions"}],"predecessor-version":[{"id":721,"href":"https:\/\/www.mnrm.org\/index.php?rest_route=\/wp\/v2\/pages\/35\/revisions\/721"}],"wp:attachment":[{"href":"https:\/\/www.mnrm.org\/index.php?rest_route=%2Fwp%2Fv2%2Fmedia&parent=35"}],"curies":[{"name":"wp","href":"https:\/\/api.w.org\/{rel}","templated":true}]}}