{"id":5,"date":"2014-08-24T23:15:18","date_gmt":"2014-08-24T22:15:18","guid":{"rendered":"https:\/\/www.mnrm.org\/?page_id=5"},"modified":"2015-05-29T18:14:50","modified_gmt":"2015-05-29T17:14:50","slug":"presentation","status":"publish","type":"page","link":"https:\/\/www.mnrm.org\/?page_id=5","title":{"rendered":"Pr\u00e9sentation"},"content":{"rendered":"<p>Le\u00a0<acronym title=\"Mod\u00e9lisme Naval de Rueil-Malmaison\">M.N.R.M<\/acronym>, a \u00e9t\u00e9 cr\u00e9\u00e9 en septembre 1971 et depuis le d\u00e9but de ses activit\u00e9s il n&rsquo;a cess\u00e9 de progresser et de s&rsquo;affirmer comme un des meilleurs d&rsquo;Ile de France dans sa discipline.<\/p>\n<p>Son activit\u00e9 principale consiste \u00e0 r\u00e9aliser de A \u00e0 Z des maquettes de bateaux, statiques ou navigantes, simples ou extr\u00eamement sophistiqu\u00e9es. Le local mis \u00e0 la disposition du club par la municipalit\u00e9 permet d&rsquo;utiliser un mat\u00e9riel (tour, perceuse \u00e0 colonne &#8230;) et un outillage tr\u00e8s complet (du plus petit tournevis \u00e0 la scie sauteuse) que le simple mod\u00e9liste n&rsquo;envisage pas d&rsquo;avoir chez lui. Cependant, certaines machines sont interdites au moins de 18 ans.<\/p>\n<p>Les adh\u00e9rents d\u00e9butants b\u00e9n\u00e9ficient du savoir-faire et des comp\u00e9tences du noyau de chevronn\u00e9s qui encadrent le club. Plus de d\u00e9boires, plus de maquettes inachev\u00e9es, que des r\u00e9sultats positifs. De nombreuses activit\u00e9s sont abord\u00e9es, telles que l&rsquo;\u00e9b\u00e9nisterie, la peinture d\u00e9corative, la petite m\u00e9canique, l&rsquo;\u00e9lectrom\u00e9canique, la radio commande et l&rsquo;\u00e9lectronique.<\/p>\n<p>Les mod\u00e8les cr\u00e9\u00e9s par le club font souvent l&rsquo;objet d&rsquo;expositions tr\u00e8s appr\u00e9ci\u00e9es. Ces d\u00e9placements (une dizaine par an) se font dans toute la France et parfois \u00e0 l&rsquo;\u00e9tranger (Allemagne, Italie). Le club participe aussi au Salon Mondial de la Maquette \u00e0 Paris.<\/p>\n<p>A titre d&rsquo;information le M.N.R.M c&rsquo;est aussi :<\/p>\n<ul>\n<li>3 m\u00e9dailles d&rsquo;or au championnat du Monde (maquettes navigantes).<\/li>\n<li>2 m\u00e9dailles d&rsquo;or au championnat d&rsquo;Europe (maquettes navigantes).<\/li>\n<li>13 m\u00e9dailles d&rsquo;or au championnat de France (maquettes statiques).<\/li>\n<li>11 m\u00e9dailles d&rsquo;argent au championnat de France (maquettes statiques).<\/li>\n<li>3 m\u00e9dailles de bronze au championnat de France (maquettes statiques).<\/li>\n<\/ul>\n<p>Si vous avez besoin de renseignements suppl\u00e9mentaires, n&rsquo;h\u00e9siter pas \u00e0 nous contacter ou \u00e0 venir nous voir.<\/p>\n","protected":false},"excerpt":{"rendered":"<p>Le\u00a0M.N.R.M, a \u00e9t\u00e9 cr\u00e9\u00e9 en septembre 1971 et depuis le d\u00e9but de ses activit\u00e9s il n&rsquo;a cess\u00e9 de progresser et de s&rsquo;affirmer comme un des meilleurs d&rsquo;Ile de France dans sa discipline. Son activit\u00e9 principale consiste \u00e0 r\u00e9aliser de A<\/p>\n","protected":false},"author":1,"featured_media":0,"parent":0,"menu_order":0,"comment_status":"closed","ping_status":"open","template":"","meta":{"footnotes":""},"class_list":["post-5","page","type-page","status-publish","hentry"],"_links":{"self":[{"href":"https:\/\/www.mnrm.org\/index.php?rest_route=\/wp\/v2\/pages\/5","targetHints":{"allow":["GET"]}}],"collection":[{"href":"https:\/\/www.mnrm.org\/index.php?rest_route=\/wp\/v2\/pages"}],"about":[{"href":"https:\/\/www.mnrm.org\/index.php?rest_route=\/wp\/v2\/types\/page"}],"author":[{"embeddable":true,"href":"https:\/\/www.mnrm.org\/index.php?rest_route=\/wp\/v2\/users\/1"}],"replies":[{"embeddable":true,"href":"https:\/\/www.mnrm.org\/index.php?rest_route=%2Fwp%2Fv2%2Fcomments&post=5"}],"version-history":[{"count":2,"href":"https:\/\/www.mnrm.org\/index.php?rest_route=\/wp\/v2\/pages\/5\/revisions"}],"predecessor-version":[{"id":709,"href":"https:\/\/www.mnrm.org\/index.php?rest_route=\/wp\/v2\/pages\/5\/revisions\/709"}],"wp:attachment":[{"href":"https:\/\/www.mnrm.org\/index.php?rest_route=%2Fwp%2Fv2%2Fmedia&parent=5"}],"curies":[{"name":"wp","href":"https:\/\/api.w.org\/{rel}","templated":true}]}}